{"id":96,"date":"2016-11-06T11:41:36","date_gmt":"2016-11-06T11:41:36","guid":{"rendered":"http:\/\/50.116.86.123\/~socioadmin\/?page_id=96"},"modified":"2023-03-08T10:37:02","modified_gmt":"2023-03-08T13:37:02","slug":"espeleologia","status":"publish","type":"page","link":"https:\/\/socioambientalprojetos.com.br\/index.php\/servicos\/espeleologia\/","title":{"rendered":"Espeleologia \u2013 Prospec\u00e7\u00e3o e Valora\u00e7\u00e3o de Cavidades"},"content":{"rendered":"<blockquote><p>A palavra vem do latim spelaeum (caverna) e do grego logos (estudo). Espeleologia \u00e9 a ci\u00eancia que se dedica ao estudo das cavernas ou cavidades naturais subterr\u00e2neas, sua forma\u00e7\u00e3o, constitui\u00e7\u00e3o, caracter\u00edsticas f\u00edsicas, biol\u00f3gicas e sua evolu\u00e7\u00e3o ao longo do tempo.<\/p><\/blockquote>\n<p><span style=\"font-weight: 400;\">A espeleologia \u00e9 uma \u00e1rea de estudo multidisciplinar que engloba a Geologia, Geografia, Hidrologia, Biologia, Arqueologia e Paleontologia.\u00a0<\/span><\/p>\n<p><span style=\"font-weight: 400;\">A Socioambiental Projetos atua no cen\u00e1rio da espeleologia, em fun\u00e7\u00e3o do licenciamento ambiental, desde 2014. O objetivo da empresa sempre foi garantir a viabilidade de empreendimentos que possuem em suas \u00e1reas de influ\u00eancia Patrim\u00f4nio Espeleol\u00f3gico. Tal objetivo sempre foi atrelado a execu\u00e7\u00e3o dos servi\u00e7os com qualidade e atender a legisla\u00e7\u00e3o em vig\u00eancia.\u00a0<\/span><\/p>\n<p><span style=\"font-weight: 400;\">Dispomos de equipe t\u00e9cnica capacitada para a elabora\u00e7\u00e3o de estudos de prospec\u00e7\u00e3o espeleol\u00f3gica e valora\u00e7\u00e3o de cavidades naturais subterr\u00e2neas.<\/span><\/p>\n<h3>Prospec\u00e7\u00e3o Espeleol\u00f3gica<\/h3>\n<p><span style=\"font-weight: 400;\">A etapa inicial dos estudos ambientais em \u00e1reas com potencial para o Patrim\u00f4nio Espeleol\u00f3gico envolve a avalia\u00e7\u00e3o da regi\u00e3o. Essa avalia\u00e7\u00e3o \u00e9 realizada com base em imagens de sat\u00e9lite, consultas a sites especializados e o conhecimento pr\u00e9vios da \u00e1reas com reconhecido potencial de ocorr\u00eancia de cavidades e forma\u00e7\u00f5es geol\u00f3gicas. Este estudo possibilita locar as \u00e1reas de maior potencial para verifica\u00e7\u00e3o <\/span><i><span style=\"font-weight: 400;\">in loco, <\/span><\/i><span style=\"font-weight: 400;\">auxiliando assim as defini\u00e7\u00f5es acerca da execu\u00e7\u00e3o da prospec\u00e7\u00e3o espeleol\u00f3gica. Identificadas cavidades e\/ou forma\u00e7\u00f5es geol\u00f3gicas de interesse, realiza-se o georreferenciamento da entrada da cavidade, \u00e9 preenchida ficha espec\u00edfica e realizado registro fotogr\u00e1fico. Todo os dados coletados ser\u00e3o analisados e alimentar\u00e3o o Relat\u00f3rio de Prospec\u00e7\u00e3o Espeleol\u00f3gica.<\/span><\/p>\n<h3>Valora\u00e7\u00e3o de Cavidades Naturais Subterr\u00e2neas<\/h3>\n<p><span style=\"font-weight: 400;\">A Valora\u00e7\u00e3o de cavidades presentes em \u00e1reas de influ\u00eancias de empreendimentos em processo de licenciamento ambiental, tem o intuito de auxiliar no planejamento da interven\u00e7\u00e3o planejada, visando identificar e controlar os riscos ligados ao seu licenciamento ou an\u00e1lise de viabilidade ambiental. Para realizar esse estudo, necessita-se de metodologia que engloba a multidisciplinaridade (geoespeleologia, bioespeleologia, paleontologia e estudos hist\u00f3rico-culturais) e se fundamentada em legisla\u00e7\u00e3o espec\u00edfica. Para tal, se faz necess\u00e1ria a presen\u00e7a de especialistas na \u00e1rea em quest\u00e3o e que possuem ampla experi\u00eancia. Assim, as cavidades registradas ser\u00e3o alvo de an\u00e1lises e avalia\u00e7\u00f5es individuais e conjuntas, levando em conta o contexto local, regional e\/ou nacional.\u00a0<\/span><\/p>\n<p><span style=\"font-weight: 400;\">Consulte os dados do Cadastro Nacional de Informa\u00e7\u00f5es Espeleol\u00f3gicas (Canie) <\/span><a href=\"https:\/\/www.gov.br\/icmbio\/pt-br\/assuntos\/centros-de-pesquisa\/cecav\/cadastro-nacional-de-informacoes-espeleologicas\/cav_canie_geral_19122022.kmz\" target=\"_blank\" rel=\"noopener\"><span style=\"font-weight: 400;\">aqui<\/span><\/a><span style=\"font-weight: 400;\"> e veja se o seu empreendimento possui Patrim\u00f4nio Espeleol\u00f3gico em suas \u00e1reas de influ\u00eancia. <\/span><\/p>\n","protected":false},"excerpt":{"rendered":"<p>A palavra vem do latim spelaeum (caverna) e do grego logos (estudo). Espeleologia \u00e9 a ci\u00eancia que se dedica ao estudo das cavernas ou cavidades naturais subterr\u00e2neas, sua forma\u00e7\u00e3o, constitui\u00e7\u00e3o, caracter\u00edsticas f\u00edsicas, biol\u00f3gicas e sua evolu\u00e7\u00e3o ao longo do tempo. A espeleologia \u00e9 uma \u00e1rea de estudo multidisciplinar que engloba a Geologia, Geografia, Hidrologia, Biologia, [&hellip;]<\/p>\n","protected":false},"author":2,"featured_media":0,"parent":19,"menu_order":0,"comment_status":"closed","ping_status":"closed","template":"","meta":{"footnotes":""},"class_list":["post-96","page","type-page","status-publish","hentry"],"_links":{"self":[{"href":"https:\/\/socioambientalprojetos.com.br\/index.php\/wp-json\/wp\/v2\/pages\/96","targetHints":{"allow":["GET"]}}],"collection":[{"href":"https:\/\/socioambientalprojetos.com.br\/index.php\/wp-json\/wp\/v2\/pages"}],"about":[{"href":"https:\/\/socioambientalprojetos.com.br\/index.php\/wp-json\/wp\/v2\/types\/page"}],"author":[{"embeddable":true,"href":"https:\/\/socioambientalprojetos.com.br\/index.php\/wp-json\/wp\/v2\/users\/2"}],"replies":[{"embeddable":true,"href":"https:\/\/socioambientalprojetos.com.br\/index.php\/wp-json\/wp\/v2\/comments?post=96"}],"version-history":[{"count":2,"href":"https:\/\/socioambientalprojetos.com.br\/index.php\/wp-json\/wp\/v2\/pages\/96\/revisions"}],"predecessor-version":[{"id":630,"href":"https:\/\/socioambientalprojetos.com.br\/index.php\/wp-json\/wp\/v2\/pages\/96\/revisions\/630"}],"up":[{"embeddable":true,"href":"https:\/\/socioambientalprojetos.com.br\/index.php\/wp-json\/wp\/v2\/pages\/19"}],"wp:attachment":[{"href":"https:\/\/socioambientalprojetos.com.br\/index.php\/wp-json\/wp\/v2\/media?parent=96"}],"curies":[{"name":"wp","href":"https:\/\/api.w.org\/{rel}","templated":true}]}}