{"id":37,"date":"2016-11-02T11:53:43","date_gmt":"2016-11-02T11:53:43","guid":{"rendered":"http:\/\/50.116.86.123\/~socioadmin\/?page_id=37"},"modified":"2023-03-08T10:43:19","modified_gmt":"2023-03-08T13:43:19","slug":"arqueologia","status":"publish","type":"page","link":"https:\/\/socioambientalprojetos.com.br\/index.php\/servicos\/arqueologia\/","title":{"rendered":"Arqueologia"},"content":{"rendered":"<blockquote><p>A\u00a0\u00a0Arqueologia estuda o comportamento humano, em determinado tempo e espa\u00e7o, atrav\u00e9s dos vest\u00edgios materiais residuais, em grande parte fragmentos abandonados.<\/p><\/blockquote>\n<p><span style=\"font-weight: 400;\">O estudo arqueol\u00f3gico tem como objetivo identificar e estudar vest\u00edgios hist\u00f3ricos, pr\u00e9-hist\u00f3ricos, de contato e multicomponentes, contribuindo para fortalecer a identidade local. Esse estudo permite tamb\u00e9m verificar o estado de conserva\u00e7\u00e3o e variabilidade dos vest\u00edgios presentes na \u00e1rea de influ\u00eancia do empreendimento, o que caracteriza o potencial arqueol\u00f3gico e avalia poss\u00edveis impactos sobre o patrim\u00f4nio arqueol\u00f3gico.<\/span><\/p>\n<p><span style=\"font-weight: 400;\">\u00c9 importante destacar que empreendimentos que, porventura, causam impactos ao meio f\u00edsico, principalmente em rela\u00e7\u00e3o a altera\u00e7\u00f5es na superf\u00edcie do terreno, podem afetar diretamente o patrim\u00f4nio arqueol\u00f3gico, que \u00e9 protegido por lei.<\/span><\/p>\n<p><span style=\"font-weight: 400;\">As atividades desenvolvidas no programa arqueol\u00f3gico seguem as normas regulat\u00f3rias atuais e geram relat\u00f3rios de atividades que visam atender \u00e0s exig\u00eancias normativas e corresponder \u00e0s especificidades de cada empreendedor do projeto em que o programa est\u00e1 inserido.<\/span><\/p>\n<h3><span style=\"color: #339966;\">Licenciamento junto ao IPHAN<\/span><\/h3>\n<p><span style=\"font-weight: 400;\">A Instru\u00e7\u00e3o Normativa do IPHAN n\u00ba 001, de 25 de mar\u00e7o de 2015, estabelece os procedimentos observados pelo \u00f3rg\u00e3o em sua participa\u00e7\u00e3o nos processos de licenciamento ambiental. Consulte-a <a href=\"http:\/\/portal.iphan.gov.br\/uploads\/ckfinder\/arquivos\/Instru\u00e7\u00e3o%20normativa.pdf\" target=\"_blank\" rel=\"noopener\">aqui<\/a>.<\/span><\/p>\n<p><span style=\"font-weight: 400;\">Os \u00f3rg\u00e3os ambientais licenciadores podem solicitar a manifesta\u00e7\u00e3o destes \u00f3rg\u00e3os a qualquer momento durante o processo de licenciamento, se observarem que o empreendimento tem potencial para causar impactos sobre o patrim\u00f4nio cultural, neste caso, o patrim\u00f4nio arqueol\u00f3gico. Caso isto ocorra, dever\u00e3o ser observados os procedimentos estabelecidos nas legisla\u00e7\u00f5es mencionadas.<\/span><\/p>\n<p><span style=\"font-weight: 400;\">A Socioambiental Projetos conta com uma ampla rede de profissionais especializados na \u00e1rea de Arqueologia, a fim de realizar os estudos que podem ser solicitados pelo IPHAN, dentre os quais se incluem:<\/span><\/p>\n<ul>\n<li><span style=\"font-weight: 400;\">Ficha de Caracteriza\u00e7\u00e3o de Atividade \u2013 FCA;<\/span><\/li>\n<li><span style=\"font-weight: 400;\">Projeto e Relat\u00f3rio de Avalia\u00e7\u00e3o de Impacto ao Patrim\u00f4nio Arqueol\u00f3gico \u2013 PAIPA\/RAIPA;<\/span><\/li>\n<li><span style=\"font-weight: 400;\">Projeto e Relat\u00f3rio de Avalia\u00e7\u00e3o de Potencial de Impacto ao Patrim\u00f4nio Arqueol\u00f3gico \u2013 PAPIPA\/RAPIPA;<\/span><\/li>\n<li><span style=\"font-weight: 400;\">Projeto e Relat\u00f3rio de Gest\u00e3o do Patrim\u00f4nio Arqueol\u00f3gico \u2013 PGPA\/RGPA;<\/span><\/li>\n<li><span style=\"font-weight: 400;\">Salvamento Arqueol\u00f3gico;<\/span><\/li>\n<li><span style=\"font-weight: 400;\">Acompanhamento Arqueol\u00f3gico;<\/span><\/li>\n<li><span style=\"font-weight: 400;\">Projeto Integrado de Educa\u00e7\u00e3o Patrimonial \u2013 PIEP.<\/span><\/li>\n<\/ul>\n","protected":false},"excerpt":{"rendered":"<p>A\u00a0\u00a0Arqueologia estuda o comportamento humano, em determinado tempo e espa\u00e7o, atrav\u00e9s dos vest\u00edgios materiais residuais, em grande parte fragmentos abandonados. O estudo arqueol\u00f3gico tem como objetivo identificar e estudar vest\u00edgios hist\u00f3ricos, pr\u00e9-hist\u00f3ricos, de contato e multicomponentes, contribuindo para fortalecer a identidade local. Esse estudo permite tamb\u00e9m verificar o estado de conserva\u00e7\u00e3o e variabilidade dos vest\u00edgios [&hellip;]<\/p>\n","protected":false},"author":2,"featured_media":0,"parent":19,"menu_order":0,"comment_status":"closed","ping_status":"closed","template":"","meta":{"footnotes":""},"class_list":["post-37","page","type-page","status-publish","hentry"],"_links":{"self":[{"href":"https:\/\/socioambientalprojetos.com.br\/index.php\/wp-json\/wp\/v2\/pages\/37","targetHints":{"allow":["GET"]}}],"collection":[{"href":"https:\/\/socioambientalprojetos.com.br\/index.php\/wp-json\/wp\/v2\/pages"}],"about":[{"href":"https:\/\/socioambientalprojetos.com.br\/index.php\/wp-json\/wp\/v2\/types\/page"}],"author":[{"embeddable":true,"href":"https:\/\/socioambientalprojetos.com.br\/index.php\/wp-json\/wp\/v2\/users\/2"}],"replies":[{"embeddable":true,"href":"https:\/\/socioambientalprojetos.com.br\/index.php\/wp-json\/wp\/v2\/comments?post=37"}],"version-history":[{"count":6,"href":"https:\/\/socioambientalprojetos.com.br\/index.php\/wp-json\/wp\/v2\/pages\/37\/revisions"}],"predecessor-version":[{"id":637,"href":"https:\/\/socioambientalprojetos.com.br\/index.php\/wp-json\/wp\/v2\/pages\/37\/revisions\/637"}],"up":[{"embeddable":true,"href":"https:\/\/socioambientalprojetos.com.br\/index.php\/wp-json\/wp\/v2\/pages\/19"}],"wp:attachment":[{"href":"https:\/\/socioambientalprojetos.com.br\/index.php\/wp-json\/wp\/v2\/media?parent=37"}],"curies":[{"name":"wp","href":"https:\/\/api.w.org\/{rel}","templated":true}]}}