{"id":21,"date":"2016-10-01T13:47:34","date_gmt":"2016-10-01T13:47:34","guid":{"rendered":"http:\/\/50.116.86.123\/~socioadmin\/?page_id=14"},"modified":"2023-03-09T11:27:53","modified_gmt":"2023-03-09T14:27:53","slug":"clientes","status":"publish","type":"page","link":"https:\/\/socioambientalprojetos.com.br\/index.php\/clientes\/","title":{"rendered":"Clientes"},"content":{"rendered":"<p>[vc_row][vc_column][vc_column_text]<\/p>\n<div class=\"row\">\n<div class=\"large-3 columns center_align\">\n<p><strong><a href=\"https:\/\/brasil.intercement.com\" target=\"_blank\" rel=\"noopener\">InterCement Brasil S\/A<\/a><\/strong><\/p>\n<\/div>\n<\/div>\n<p><img loading=\"lazy\" decoding=\"async\" class=\"alignnone\" title=\"InterCement\" src=\"https:\/\/socioambientalprojetos.com.br\/wp-content\/uploads\/2023\/02\/intercement.jpg\" alt=\"\" width=\"276\" height=\"109\" \/><\/p>\n<p><strong><a href=\"https:\/\/www.lafargeholcim.com.br\" target=\"_blank\" rel=\"noopener\">Holcim Brasil S\/A<\/a><\/strong><\/p>\n<p><img loading=\"lazy\" decoding=\"async\" class=\"alignnone\" title=\"LafargeHolcim\" src=\"https:\/\/socioambientalprojetos.com.br\/wp-content\/uploads\/2023\/03\/Holcim-Brasil-logo.png\" alt=\"\" width=\"203\" height=\"125\" \/><\/p>\n<p>&nbsp;<\/p>\n<p><a href=\"http:\/\/www.emsm.com.br\/\" target=\"_blank\" rel=\"noopener\"><strong>MSM &#8211; Minera\u00e7\u00e3o Serra da Moeda<\/strong><\/a><\/p>\n<p><img loading=\"lazy\" decoding=\"async\" class=\"alignnone\" title=\"MSM Minera\u00e7\u00e3o Serra da Moeda\" src=\"https:\/\/socioambientalprojetos.com.br\/wp-content\/uploads\/2023\/02\/msm.jpg\" alt=\"\" width=\"257\" height=\"106\" \/><\/p>\n<p>&nbsp;<\/p>\n<p><a href=\"https:\/\/www.gruposada.com.br\" target=\"_blank\" rel=\"noopener\"><b>SADA<\/b> <strong>Bio-Energia e Agricultura Ltda.<\/strong><\/a><\/p>\n<p><img loading=\"lazy\" decoding=\"async\" class=\"alignnone\" title=\"SADA Bio-Energia\" src=\"https:\/\/socioambientalprojetos.com.br\/wp-content\/uploads\/2023\/02\/sada.png\" alt=\"\" width=\"185\" height=\"92\" \/><\/p>\n<p>&nbsp;<\/p>\n<p><strong>Florestadora Perdizes &#8211; Rochedo<\/strong><\/p>\n<p><img loading=\"lazy\" decoding=\"async\" class=\"\" title=\"Rocheto\" src=\"https:\/\/socioambientalprojetos.com.br\/wp-content\/uploads\/2023\/03\/Rocheto.jpg\" alt=\"\" width=\"173\" height=\"87\" \/><\/p>\n<p>&nbsp;<\/p>\n<p><strong>Rio Rancho Agropecu\u00e1ria S\/A<\/strong><\/p>\n<p><img loading=\"lazy\" decoding=\"async\" class=\"alignnone\" title=\"Rio Rancho\" src=\"https:\/\/socioambientalprojetos.com.br\/wp-content\/uploads\/2023\/03\/rio-rancho.jpg\" alt=\"\" width=\"229\" height=\"153\" \/><\/p>\n<p>&nbsp;<\/p>\n<p><a href=\"https:\/\/uauingleza.com.br\" target=\"_blank\" rel=\"noopener\"><strong>Cera Ingleza<\/strong><\/a><\/p>\n<p><img loading=\"lazy\" decoding=\"async\" class=\"alignnone\" title=\"Ingleza \" src=\"https:\/\/socioambientalprojetos.com.br\/wp-content\/uploads\/2023\/03\/cera-ingleza-logo.png\" alt=\"\" width=\"251\" height=\"178\" \/><\/p>\n<p><a href=\"https:\/\/www.cemig.com.br\/grupo-cemig\/\" target=\"_blank\" rel=\"noopener\"><strong>CEMIG Gera\u00e7\u00e3o e Transmiss\u00e3o S.A<\/strong><\/a><\/p>\n<p><img loading=\"lazy\" decoding=\"async\" class=\"alignnone\" title=\"CEMIG\" src=\"https:\/\/socioambientalprojetos.com.br\/wp-content\/uploads\/2023\/03\/logo-cemig-geracao-transmissao.png\" alt=\"\" width=\"200\" height=\"100\" \/><\/p>\n<p>&nbsp;<\/p>\n<p><strong>CRH Sudeste Ind\u00fastria de Cimentos S\/A<\/strong><\/p>\n<p><img loading=\"lazy\" decoding=\"async\" class=\"\" title=\"CRH\" src=\"https:\/\/socioambientalprojetos.com.br\/wp-content\/uploads\/2023\/03\/CRH.jpg\" alt=\"\" width=\"112\" height=\"112\" \/><\/p>\n<p>&nbsp;<\/p>\n<p><a href=\"https:\/\/cbmm.com\/pt\/\" target=\"_blank\" rel=\"noopener\"><strong>CBMM Companhia Brasileira de Metalurgia e Minera\u00e7\u00e3o<\/strong><\/a><\/p>\n<p><img loading=\"lazy\" decoding=\"async\" class=\"alignnone\" title=\"CBMM\" src=\"https:\/\/socioambientalprojetos.com.br\/wp-content\/uploads\/2023\/03\/CBMM-logo.png\" alt=\"\" width=\"266\" height=\"50\" \/><\/p>\n<p>&nbsp;<\/p>\n<p><a href=\"https:\/\/www.orthocrin.com.br\/?gclid=Cj0KCQiApKagBhC1ARIsAFc7Mc7y2oWpCAeT6op4gPrggda7yr8lv5TDdpehQL6jxl6c_yAaUsQdb90aAj1kEALw_wcB\" target=\"_blank\" rel=\"noopener\"><strong>Orhocrin Ind\u00fastria e Com\u00e9rcio Ltda.<\/strong><\/a><\/p>\n<p><img loading=\"lazy\" decoding=\"async\" class=\"alignnone\" title=\"Orthocrin\" src=\"https:\/\/socioambientalprojetos.com.br\/wp-content\/uploads\/2023\/03\/logo-orthocrin.png\" alt=\"\" width=\"326\" height=\"59\" \/><\/p>\n<p>&nbsp;<\/p>\n<p><strong><a href=\"http:\/\/www.gasmig.com.br\/Paginas\/default.aspx\" target=\"_blank\" rel=\"noopener\">GASMIG Companhia de G\u00e1s de Minas Gerais<\/a><\/strong><\/p>\n<p><img loading=\"lazy\" decoding=\"async\" class=\"alignnone\" title=\"GASMIG\" src=\"https:\/\/socioambientalprojetos.com.br\/wp-content\/uploads\/2023\/03\/gasmig-logo.png\" alt=\"\" width=\"270\" height=\"92\" \/><\/p>\n<p>&nbsp;<\/p>\n<p><strong><a href=\"https:\/\/www.grupoalterosa.ind.br\/alterosa.php\" target=\"_blank\" rel=\"noopener\">Sider\u00fargica Alterosa S\/A<\/a><\/strong><\/p>\n<p><img loading=\"lazy\" decoding=\"async\" class=\"alignnone\" title=\"Alterosa\" src=\"https:\/\/socioambientalprojetos.com.br\/wp-content\/uploads\/2023\/02\/alterosa.jpg\" alt=\"\" width=\"264\" height=\"79\" \/><\/p>\n<p>&nbsp;<\/p>\n<p><strong>Siderurgia Santo Ant\u00f4nio Ltda.<\/strong><\/p>\n<p><img loading=\"lazy\" decoding=\"async\" class=\"alignnone\" title=\"Sider\u00fargica Santo Ant\u00f4nio\" src=\"https:\/\/socioambientalprojetos.com.br\/wp-content\/uploads\/2023\/03\/siderurgica-santo-antonio.jpg\" alt=\"\" width=\"195\" height=\"135\" \/><\/p>\n<p>&nbsp;<\/p>\n<p><strong><a href=\"http:\/\/www.virtualea.com.br\/\" target=\"_blank\" rel=\"noopener\">Virtual Engenharia Ambiental<\/a><\/strong><\/p>\n<p><img loading=\"lazy\" decoding=\"async\" class=\"alignnone\" title=\"Virtual Engenharia Ambiental\" src=\"https:\/\/socioambientalprojetos.com.br\/wp-content\/uploads\/2023\/03\/virtual-logo.png\" alt=\"\" width=\"171\" height=\"171\" \/><\/p>\n<div class=\"row\">\n<div class=\"large-3 columns center_align\">\n<p><strong><a href=\"http:\/\/ernnaturais.com.br\/\" target=\"_blank\" rel=\"noopener\">ERN \u2013 ENGENHARIA DE RECURSOS NATURAIS<\/a><\/strong><\/p>\n<p><img loading=\"lazy\" decoding=\"async\" class=\"alignnone\" title=\"ERN\" src=\"https:\/\/socioambientalprojetos.com.br\/wp-content\/uploads\/2023\/03\/logo-ERN.png\" alt=\"\" width=\"216\" height=\"92\" \/><\/p>\n<\/div>\n<\/div>\n<p>&nbsp;<\/p>\n<p><strong><a href=\"http:\/\/www.ekosplanejamentoambiental.com.br\/\" target=\"_blank\" rel=\"noopener\">EKOS PLANEJAMENTO AMBIENTAL<\/a><\/strong><\/p>\n<p><img loading=\"lazy\" decoding=\"async\" class=\"alignnone\" title=\"EKOS\" src=\"https:\/\/socioambientalprojetos.com.br\/wp-content\/uploads\/2023\/03\/ekos-logo.png\" alt=\"\" width=\"220\" height=\"96\" \/><\/p>\n<div class=\"row\">\n<div class=\"large-3 columns center_align\">\n<p>&nbsp;<\/p>\n<\/div>\n<\/div>\n<p>[\/vc_column_text][\/vc_column][\/vc_row]<\/p>\n","protected":false},"excerpt":{"rendered":"<p>[vc_row][vc_column][vc_column_text] InterCement Brasil S\/A Holcim Brasil S\/A &nbsp; MSM &#8211; Minera\u00e7\u00e3o Serra da Moeda &nbsp; SADA Bio-Energia e Agricultura Ltda. &nbsp; Florestadora Perdizes &#8211; Rochedo &nbsp; Rio Rancho Agropecu\u00e1ria S\/A &nbsp; Cera Ingleza CEMIG Gera\u00e7\u00e3o e Transmiss\u00e3o S.A &nbsp; CRH Sudeste Ind\u00fastria de Cimentos S\/A &nbsp; CBMM Companhia Brasileira de Metalurgia e Minera\u00e7\u00e3o &nbsp; Orhocrin [&hellip;]<\/p>\n","protected":false},"author":2,"featured_media":0,"parent":0,"menu_order":0,"comment_status":"closed","ping_status":"closed","template":"","meta":{"footnotes":""},"class_list":["post-21","page","type-page","status-publish","hentry"],"_links":{"self":[{"href":"https:\/\/socioambientalprojetos.com.br\/index.php\/wp-json\/wp\/v2\/pages\/21","targetHints":{"allow":["GET"]}}],"collection":[{"href":"https:\/\/socioambientalprojetos.com.br\/index.php\/wp-json\/wp\/v2\/pages"}],"about":[{"href":"https:\/\/socioambientalprojetos.com.br\/index.php\/wp-json\/wp\/v2\/types\/page"}],"author":[{"embeddable":true,"href":"https:\/\/socioambientalprojetos.com.br\/index.php\/wp-json\/wp\/v2\/users\/2"}],"replies":[{"embeddable":true,"href":"https:\/\/socioambientalprojetos.com.br\/index.php\/wp-json\/wp\/v2\/comments?post=21"}],"version-history":[{"count":12,"href":"https:\/\/socioambientalprojetos.com.br\/index.php\/wp-json\/wp\/v2\/pages\/21\/revisions"}],"predecessor-version":[{"id":781,"href":"https:\/\/socioambientalprojetos.com.br\/index.php\/wp-json\/wp\/v2\/pages\/21\/revisions\/781"}],"wp:attachment":[{"href":"https:\/\/socioambientalprojetos.com.br\/index.php\/wp-json\/wp\/v2\/media?parent=21"}],"curies":[{"name":"wp","href":"https:\/\/api.w.org\/{rel}","templated":true}]}}