{"id":195,"date":"2016-11-24T14:14:41","date_gmt":"2016-11-24T14:14:41","guid":{"rendered":"http:\/\/50.116.86.123\/~socioadmin\/?page_id=195"},"modified":"2023-03-07T13:33:50","modified_gmt":"2023-03-07T16:33:50","slug":"recta-engenharia","status":"publish","type":"page","link":"https:\/\/socioambientalprojetos.com.br\/index.php\/recta-engenharia\/","title":{"rendered":"Recta Engenharia"},"content":{"rendered":"<p>A <strong>RECTA ENGENHARIA<\/strong> \u00e9 uma empresa parceira da Socioambiental Projetos. \u00c9 uma consultoria especializada nas \u00e1reas de meio ambiente e minera\u00e7\u00e3o, cadastrada no Conselho Nacional de Meio Ambiente &#8211; CONAMA.<\/p>\n<p>A experi\u00eancia da empresa compreende estudos e projetos nos mais diversos setores, como os de minera\u00e7\u00e3o, infraestrutura e produ\u00e7\u00e3o industrial.<\/p>\n<p>Possui uma equipe multidisciplinar formada por Engenheiro de Minas, Engenheiros Geol\u00f3gicos e Ge\u00f3logos, T\u00e9cnicos em Minera\u00e7\u00e3o, Administradores, Engenheiros Ambientais e Florestais.<\/p>\n<p>A coordena\u00e7\u00e3o \u00e9 feita pelo Engenheiro de Minas R\u00f4mulo Lu\u00eds Noronha J\u00fanior<\/p>\n<p><strong>Endere\u00e7o:<\/strong> Avenida do Contorno, 5491, salas 904 e 905 &#8211; Funcion\u00e1rios<\/p>\n<p><strong>Contato:<\/strong> (31) 99976-3703 &#8211; R\u00f4mulo Noronha<\/p>\n<p><a href=\"mailto:romulonoronha@uol.com.br\">romulonoronha@uol.com.br<\/a><\/p>\n","protected":false},"excerpt":{"rendered":"<p>A RECTA ENGENHARIA \u00e9 uma empresa parceira da Socioambiental Projetos. \u00c9 uma consultoria especializada nas \u00e1reas de meio ambiente e minera\u00e7\u00e3o, cadastrada no Conselho Nacional de Meio Ambiente &#8211; CONAMA. A experi\u00eancia da empresa compreende estudos e projetos nos mais diversos setores, como os de minera\u00e7\u00e3o, infraestrutura e produ\u00e7\u00e3o industrial. Possui uma equipe multidisciplinar formada [&hellip;]<\/p>\n","protected":false},"author":2,"featured_media":0,"parent":0,"menu_order":0,"comment_status":"closed","ping_status":"closed","template":"","meta":{"footnotes":""},"class_list":["post-195","page","type-page","status-publish","hentry"],"_links":{"self":[{"href":"https:\/\/socioambientalprojetos.com.br\/index.php\/wp-json\/wp\/v2\/pages\/195","targetHints":{"allow":["GET"]}}],"collection":[{"href":"https:\/\/socioambientalprojetos.com.br\/index.php\/wp-json\/wp\/v2\/pages"}],"about":[{"href":"https:\/\/socioambientalprojetos.com.br\/index.php\/wp-json\/wp\/v2\/types\/page"}],"author":[{"embeddable":true,"href":"https:\/\/socioambientalprojetos.com.br\/index.php\/wp-json\/wp\/v2\/users\/2"}],"replies":[{"embeddable":true,"href":"https:\/\/socioambientalprojetos.com.br\/index.php\/wp-json\/wp\/v2\/comments?post=195"}],"version-history":[{"count":2,"href":"https:\/\/socioambientalprojetos.com.br\/index.php\/wp-json\/wp\/v2\/pages\/195\/revisions"}],"predecessor-version":[{"id":544,"href":"https:\/\/socioambientalprojetos.com.br\/index.php\/wp-json\/wp\/v2\/pages\/195\/revisions\/544"}],"wp:attachment":[{"href":"https:\/\/socioambientalprojetos.com.br\/index.php\/wp-json\/wp\/v2\/media?parent=195"}],"curies":[{"name":"wp","href":"https:\/\/api.w.org\/{rel}","templated":true}]}}