{"id":19,"date":"2016-10-01T13:47:11","date_gmt":"2016-10-01T13:47:11","guid":{"rendered":"http:\/\/50.116.86.123\/~socioadmin\/?page_id=10"},"modified":"2016-10-01T13:47:11","modified_gmt":"2016-10-01T13:47:11","slug":"servicos","status":"publish","type":"page","link":"https:\/\/socioambientalprojetos.com.br\/index.php\/servicos\/","title":{"rendered":"Servi\u00e7os"},"content":{"rendered":"\n<div class=\"row\">\n<div class=\"large-4 columns wow slideInUp new_font center_align sep_extra\">\n<p><img decoding=\"async\" src=\"\/wp-content\/uploads\/2016\/11\/int_archeology.jpg\" \/><\/p>\n<h4>Arqueologia<\/h4>\n<p>A Arqueologia estuda o comportamento humano, em determinado tempo e espa\u00e7o, atrav\u00e9s dos vest\u00edgios materiais&#8230;<\/p>\n<p>      <a href=\"\/index.php\/servicos\/arqueologia\/\" class=\"button\">SAIBA MAIS<\/a>  <\/p><\/div>\n<div class=\"large-4 columns wow slideInUp new_font center_align sep_extra\">\n<p><img decoding=\"async\" src=\"\/wp-content\/uploads\/2016\/11\/int_patrimonio.jpg\" \/><\/p>\n<h4>Patrim\u00f4nio<\/h4>\n<p>O Patrim\u00f4nio Cultural compreende o conjunto de bens materiais e imateriais que atribuem refer\u00eancia \u00e0 mem\u00f3ria&#8230;<\/p>\n<p>      <a href=\"\/index.php\/servicos\/patrimonio-imaterial-e-material\/\" class=\"button\">SAIBA MAIS<\/a>  <\/p><\/div>\n<div class=\"large-4 columns wow slideInUp new_font center_align sep_extra\">\n<p><img decoding=\"async\" src=\"\/wp-content\/uploads\/2016\/11\/int_epic.jpg\" \/><\/p>\n<h4>EPIC \/ RIPC<\/h4>\n<p>A Delibera\u00e7\u00e3o Normativa CONEP n\u00ba 001\/2014, torna obrigat\u00f3ria para determinados empreendimentos a&#8230;<\/p>\n<p>      <a href=\"\/index.php\/servicos\/epic-ripc\/\" class=\"button\">SAIBA MAIS<\/a>  <\/p><\/div><\/div>\n<hr \/>\n<div class=\"row\">\n<div class=\"large-4 columns wow slideInUp new_font center_align sep_extra\">\n<p><img decoding=\"async\" src=\"\/wp-content\/uploads\/2016\/11\/int_impacto.jpg\" \/><\/p>\n<h4>Diagn\u00f3stico<\/h4>\n<p>Diagn\u00f3sticos socioecon\u00f4micos s\u00e3o instrumentos indispens\u00e1veis na avalia\u00e7\u00e3o de impactos socioambientais em&#8230;<\/p>\n<p>      <a href=\"\/index.php\/servicos\/diagnostico-do-meio-socioeconomico\/\" class=\"button\">SAIBA MAIS<\/a>  <\/p><\/div>\n<div class=\"large-4 columns wow slideInUp new_font center_align sep_extra\">\n<p><img decoding=\"async\" src=\"\/wp-content\/uploads\/2016\/11\/int_meio_ambiente.jpg\" \/><\/p>\n<h4>Educa\u00e7\u00e3o Ambiental<\/h4>\n<p>A educa\u00e7\u00e3o ambiental, por meio da educa\u00e7\u00e3o patrimonial, estimula viv\u00eancias que podem constituir a base&#8230;<\/p>\n<p>      <a href=\"\/index.php\/servicos\/educacao-ambiental\/\" class=\"button\">SAIBA MAIS<\/a>  <\/p><\/div>\n<div class=\"large-4 columns wow slideInUp new_font center_align sep_extra\">\n<p><img decoding=\"async\" src=\"\/wp-content\/uploads\/2016\/11\/int_educacao_patri.jpg\" \/><\/p>\n<h4>Educa\u00e7\u00e3o Patrimonial<\/h4>\n<p>A Socioambiental Projetos desenvolve atividades de Educa\u00e7\u00e3o Patrimonial junto \u00e0s comunidades onde os&#8230;<\/p>\n<p>      <a href=\"\/index.php\/servicos\/educacao-patrimonial\/\" class=\"button\">SAIBA MAIS<\/a>  <\/p><\/div><\/div>\n<hr \/>\n<div class=\"row\">\n<div class=\"large-4 columns wow slideInUp new_font center_align sep_extra\">\n<p><img decoding=\"async\" src=\"\/wp-content\/uploads\/2016\/11\/int_espe.jpg\" \/><\/p>\n<h4>Espeleologia<\/h4>\n<p>A palavra vem do latim spelaeum (caverna) e do grego logos (estudo). Espeleologia \u00e9 a ci\u00eancia que se dedica&#8230;<\/p>\n<p>      <a href=\"\/index.php\/servicos\/espeleologia\/\" class=\"button\">SAIBA MAIS<\/a>  <\/p><\/div>\n<div class=\"large-4 columns wow slideInUp new_font center_align sep_extra\">\n<p><img decoding=\"async\" src=\"\/wp-content\/uploads\/2016\/11\/int_comunidades.jpg\" \/><\/p>\n<h4>Gest\u00e3o do Relacionamento<\/h4>\n<p>O relacionamento e di\u00e1logo com as comunidades localizadas nas \u00e1reas de influ\u00eancia dos empreendimentos&#8230;<\/p>\n<p>      <a href=\"\/index.php\/servicos\/gestao-do-relacionamento\/\" class=\"button\">SAIBA MAIS<\/a>  <\/p><\/div>\n<div class=\"large-4 columns wow slideInUp new_font center_align sep_extra\">\n<p><img decoding=\"async\" src=\"\/wp-content\/uploads\/2016\/11\/int_educacao_patri.jpg\" \/><\/p>\n<h4>Pesquisa de Percep\u00e7\u00e3o<\/h4>\n<p>A percepc\u0327a\u0303o ambiental integra elementos da psicologia, da geografia, da biologia e da antropologia, entre&#8230;<\/p>\n<p>      <a href=\"\/index.php\/servicos\/pesquisa-de-percepcao-ambiental\/\" class=\"button\">SAIBA MAIS<\/a>  <\/p><\/div><\/div>\n","protected":false},"excerpt":{"rendered":"<p>Arqueologia A Arqueologia estuda o comportamento humano, em determinado tempo e espa\u00e7o, atrav\u00e9s dos vest\u00edgios materiais&#8230; SAIBA MAIS Patrim\u00f4nio O Patrim\u00f4nio Cultural compreende o conjunto de bens materiais e imateriais que atribuem refer\u00eancia \u00e0 mem\u00f3ria&#8230; SAIBA MAIS EPIC \/ RIPC A Delibera\u00e7\u00e3o Normativa CONEP n\u00ba 001\/2014, torna obrigat\u00f3ria para determinados empreendimentos a&#8230; SAIBA MAIS Diagn\u00f3stico [&hellip;]<\/p>\n","protected":false},"author":2,"featured_media":0,"parent":0,"menu_order":0,"comment_status":"closed","ping_status":"closed","template":"","meta":{"footnotes":""},"class_list":["post-19","page","type-page","status-publish","hentry"],"_links":{"self":[{"href":"https:\/\/socioambientalprojetos.com.br\/index.php\/wp-json\/wp\/v2\/pages\/19","targetHints":{"allow":["GET"]}}],"collection":[{"href":"https:\/\/socioambientalprojetos.com.br\/index.php\/wp-json\/wp\/v2\/pages"}],"about":[{"href":"https:\/\/socioambientalprojetos.com.br\/index.php\/wp-json\/wp\/v2\/types\/page"}],"author":[{"embeddable":true,"href":"https:\/\/socioambientalprojetos.com.br\/index.php\/wp-json\/wp\/v2\/users\/2"}],"replies":[{"embeddable":true,"href":"https:\/\/socioambientalprojetos.com.br\/index.php\/wp-json\/wp\/v2\/comments?post=19"}],"version-history":[{"count":0,"href":"https:\/\/socioambientalprojetos.com.br\/index.php\/wp-json\/wp\/v2\/pages\/19\/revisions"}],"wp:attachment":[{"href":"https:\/\/socioambientalprojetos.com.br\/index.php\/wp-json\/wp\/v2\/media?parent=19"}],"curies":[{"name":"wp","href":"https:\/\/api.w.org\/{rel}","templated":true}]}}