{"id":18,"date":"2016-10-01T13:47:01","date_gmt":"2016-10-01T13:47:01","guid":{"rendered":"http:\/\/50.116.86.123\/~socioadmin\/?page_id=8"},"modified":"2016-10-01T13:47:01","modified_gmt":"2016-10-01T13:47:01","slug":"institucional","status":"publish","type":"page","link":"https:\/\/socioambientalprojetos.com.br\/index.php\/institucional\/","title":{"rendered":"Institucional"},"content":{"rendered":"<h3>Quem Somos<\/h3>\n<p>A SOCIOAMBIENTAL PROJETOS est\u00e1 inserida no mercado empresas de projetos ambientais, e concentra as suas atividades na realiza\u00e7\u00e3o de atividades de socioeconomia.<\/p>\n<p>Nosso principal objetivo \u00e9 manter a satisfa\u00e7\u00e3o dos clientes atrav\u00e9s da qualidade dos servi\u00e7os prestados, al\u00e9m de contribuir para a inclus\u00e3o da consci\u00eancia socioambiental na maioria das empresas brasileiras.<\/p>\n<h5>Miss\u00e3o<\/h5>\n<p>Atuar na elabora\u00e7\u00e3o e execu\u00e7\u00e3o de projetos socioambientais, com excel\u00eancia, transpar\u00eancia e inova\u00e7\u00e3o, de forma a estimular a constru\u00e7\u00e3o de pol\u00edticas de responsabilidade social nas empresas e na sociedade em geral.<\/p>\n<h5>Vis\u00e3o<\/h5>\n<p>Ser a primeira na mente de quem pensa em projetos socioambientais.<\/p>\n<h5>Valores<\/h5>\n<p>Excel\u00eancia no Atendimento, Transpar\u00eancia, \u00c9tica, Responsabilidade e Inova\u00e7\u00e3o.<\/p>\n","protected":false},"excerpt":{"rendered":"<p>Quem Somos A SOCIOAMBIENTAL PROJETOS est\u00e1 inserida no mercado empresas de projetos ambientais, e concentra as suas atividades na realiza\u00e7\u00e3o de atividades de socioeconomia. Nosso principal objetivo \u00e9 manter a satisfa\u00e7\u00e3o dos clientes atrav\u00e9s da qualidade dos servi\u00e7os prestados, al\u00e9m de contribuir para a inclus\u00e3o da consci\u00eancia socioambiental na maioria das empresas brasileiras. Miss\u00e3o Atuar [&hellip;]<\/p>\n","protected":false},"author":2,"featured_media":0,"parent":0,"menu_order":0,"comment_status":"closed","ping_status":"closed","template":"","meta":{"footnotes":""},"class_list":["post-18","page","type-page","status-publish","hentry"],"_links":{"self":[{"href":"https:\/\/socioambientalprojetos.com.br\/index.php\/wp-json\/wp\/v2\/pages\/18","targetHints":{"allow":["GET"]}}],"collection":[{"href":"https:\/\/socioambientalprojetos.com.br\/index.php\/wp-json\/wp\/v2\/pages"}],"about":[{"href":"https:\/\/socioambientalprojetos.com.br\/index.php\/wp-json\/wp\/v2\/types\/page"}],"author":[{"embeddable":true,"href":"https:\/\/socioambientalprojetos.com.br\/index.php\/wp-json\/wp\/v2\/users\/2"}],"replies":[{"embeddable":true,"href":"https:\/\/socioambientalprojetos.com.br\/index.php\/wp-json\/wp\/v2\/comments?post=18"}],"version-history":[{"count":0,"href":"https:\/\/socioambientalprojetos.com.br\/index.php\/wp-json\/wp\/v2\/pages\/18\/revisions"}],"wp:attachment":[{"href":"https:\/\/socioambientalprojetos.com.br\/index.php\/wp-json\/wp\/v2\/media?parent=18"}],"curies":[{"name":"wp","href":"https:\/\/api.w.org\/{rel}","templated":true}]}}