{"id":111,"date":"2016-11-06T12:53:04","date_gmt":"2016-11-06T12:53:04","guid":{"rendered":"http:\/\/50.116.86.123\/~socioadmin\/?page_id=111"},"modified":"2023-03-08T10:39:51","modified_gmt":"2023-03-08T13:39:51","slug":"pesquisa-de-percepcao-ambiental","status":"publish","type":"page","link":"https:\/\/socioambientalprojetos.com.br\/index.php\/servicos\/pesquisa-de-percepcao-ambiental\/","title":{"rendered":"Pesquisa de Percep\u00e7\u00e3o Ambiental"},"content":{"rendered":"<blockquote><p>A percepc\u0327a\u0303o ambiental integra elementos da psicologia, da geografia, da biologia e da antropologia, entre outros, tendo como objetivo principal o entendimento sobre os fatores, os mecanismos e os processos que levam o homem a possuir percepc\u0327o\u0303es e comportamentos distintos em relac\u0327a\u0303o ao meio ambiente.<\/p><\/blockquote>\n<p><span style=\"font-weight: 400;\">A percep\u00e7\u00e3o ambiental permite conhecer as percep\u00e7\u00f5es individuais dos grupos envolvidos, facilitando a realiza\u00e7\u00e3o de um trabalho baseado na realidade local, partindo da perspectiva do p\u00fablico-alvo para compreender como as pessoas percebem o ambiente em que vivem. Dessa forma, \u00e9 poss\u00edvel identificar as formas precisas em que a educa\u00e7\u00e3o ambiental pode sensibilizar, conscientizar e abordar as dificuldades ou d\u00favidas que os indiv\u00edduos possam ter ao discutir e abordar quest\u00f5es ambientais.<\/span><\/p>\n<p><span style=\"font-weight: 400;\">A Socioambiental Projetos possui uma equipe t\u00e9cnica capacitada para realizar Pesquisas de Percep\u00e7\u00e3o Ambiental, com vasta experi\u00eancia em empreendimentos de diferentes portes.<\/span><\/p>\n","protected":false},"excerpt":{"rendered":"<p>A percepc\u0327a\u0303o ambiental integra elementos da psicologia, da geografia, da biologia e da antropologia, entre outros, tendo como objetivo principal o entendimento sobre os fatores, os mecanismos e os processos que levam o homem a possuir percepc\u0327o\u0303es e comportamentos distintos em relac\u0327a\u0303o ao meio ambiente. A percep\u00e7\u00e3o ambiental permite conhecer as percep\u00e7\u00f5es individuais dos grupos [&hellip;]<\/p>\n","protected":false},"author":2,"featured_media":0,"parent":19,"menu_order":0,"comment_status":"closed","ping_status":"closed","template":"","meta":{"footnotes":""},"class_list":["post-111","page","type-page","status-publish","hentry"],"_links":{"self":[{"href":"https:\/\/socioambientalprojetos.com.br\/index.php\/wp-json\/wp\/v2\/pages\/111","targetHints":{"allow":["GET"]}}],"collection":[{"href":"https:\/\/socioambientalprojetos.com.br\/index.php\/wp-json\/wp\/v2\/pages"}],"about":[{"href":"https:\/\/socioambientalprojetos.com.br\/index.php\/wp-json\/wp\/v2\/types\/page"}],"author":[{"embeddable":true,"href":"https:\/\/socioambientalprojetos.com.br\/index.php\/wp-json\/wp\/v2\/users\/2"}],"replies":[{"embeddable":true,"href":"https:\/\/socioambientalprojetos.com.br\/index.php\/wp-json\/wp\/v2\/comments?post=111"}],"version-history":[{"count":3,"href":"https:\/\/socioambientalprojetos.com.br\/index.php\/wp-json\/wp\/v2\/pages\/111\/revisions"}],"predecessor-version":[{"id":634,"href":"https:\/\/socioambientalprojetos.com.br\/index.php\/wp-json\/wp\/v2\/pages\/111\/revisions\/634"}],"up":[{"embeddable":true,"href":"https:\/\/socioambientalprojetos.com.br\/index.php\/wp-json\/wp\/v2\/pages\/19"}],"wp:attachment":[{"href":"https:\/\/socioambientalprojetos.com.br\/index.php\/wp-json\/wp\/v2\/media?parent=111"}],"curies":[{"name":"wp","href":"https:\/\/api.w.org\/{rel}","templated":true}]}}