{"id":109,"date":"2016-11-06T12:47:18","date_gmt":"2016-11-06T12:47:18","guid":{"rendered":"http:\/\/50.116.86.123\/~socioadmin\/?page_id=109"},"modified":"2023-03-08T10:30:29","modified_gmt":"2023-03-08T13:30:29","slug":"diagnostico-do-meio-socioeconomico","status":"publish","type":"page","link":"https:\/\/socioambientalprojetos.com.br\/index.php\/servicos\/diagnostico-do-meio-socioeconomico\/","title":{"rendered":"Diagn\u00f3stico do Meio Socioecon\u00f4mico"},"content":{"rendered":"<blockquote><p>Diagn\u00f3sticos socioecon\u00f4micos s\u00e3o instrumentos indispens\u00e1veis na avalia\u00e7\u00e3o de impactos socioambientais em empreendimentos e na fundamenta\u00e7\u00e3o do planejamento de a\u00e7\u00f5es de di\u00e1logo e transforma\u00e7\u00e3o social.<\/p><\/blockquote>\n<p><span style=\"font-weight: 400;\">O objetivo desse processo \u00e9 identificar, avaliar e monitorar as poss\u00edveis mudan\u00e7as socioecon\u00f4micas e altera\u00e7\u00f5es tempor\u00e1rias na \u00e1rea onde os empreendimentos ser\u00e3o inseridos. No processo de licenciamento ambiental estadual, que envolve a elabora\u00e7\u00e3o do Estudo de Impacto Ambiental (EIA) e do respectivo Relat\u00f3rio de Impacto Ambiental (RIMA), \u00e9 necess\u00e1rio realizar um diagn\u00f3stico do meio socioecon\u00f4mico da \u00e1rea onde o empreendimento ser\u00e1 instalado.<\/span><\/p>\n<p><span style=\"font-weight: 400;\">Esse diagn\u00f3stico deve incluir a caracteriza\u00e7\u00e3o do meio socioecon\u00f4mico que pode ser potencialmente afetado pelo empreendimento, levando em considera\u00e7\u00e3o basicamente duas linhas de abordagem descritiva: a primeira se concentra nas popula\u00e7\u00f5es existentes na \u00e1rea diretamente afetada pelo empreendimento, enquanto a segunda apresenta as inter-rela\u00e7\u00f5es do meio socioecon\u00f4mico regional que podem ser significativamente alteradas pelos efeitos indiretos do empreendimento. Quando aplic\u00e1vel, as vari\u00e1veis enfocadas no meio socioecon\u00f4mico devem ser apresentadas em s\u00e9ries hist\u00f3ricas representativas e significativas, para avaliar sua evolu\u00e7\u00e3o temporal.<\/span><\/p>\n<p><span style=\"font-weight: 400;\">Entre os aspectos que podem ser necess\u00e1rios de considerar e detalhar no meio socioecon\u00f4mico, incluem-se:<\/span><\/p>\n<ul>\n<li style=\"font-weight: 400;\" aria-level=\"1\"><span style=\"font-weight: 400;\">Caracteriza\u00e7\u00e3o da din\u00e2mica populacional na \u00e1rea de influ\u00eancia do empreendimento;<\/span><\/li>\n<li style=\"font-weight: 400;\" aria-level=\"1\"><span style=\"font-weight: 400;\">Caracteriza\u00e7\u00e3o do uso e ocupa\u00e7\u00e3o do solo, com informa\u00e7\u00f5es, em mapa, na \u00e1rea de influ\u00eancia do empreendimento;<\/span><\/li>\n<li style=\"font-weight: 400;\" aria-level=\"1\"><span style=\"font-weight: 400;\">Quadro referencial do n\u00edvel de vida na \u00e1rea de influ\u00eancia do empreendimento;<\/span><\/li>\n<li style=\"font-weight: 400;\" aria-level=\"1\"><span style=\"font-weight: 400;\">Dados sobre a estrutura produtiva e de servi\u00e7os;<\/span><\/li>\n<li style=\"font-weight: 400;\" aria-level=\"1\"><span style=\"font-weight: 400;\">Caracteriza\u00e7\u00e3o da organiza\u00e7\u00e3o social na \u00e1rea de influ\u00eancia.<\/span><\/li>\n<\/ul>\n<p><span style=\"font-weight: 400;\">A Socioambiental Projetos tem a expertise necess\u00e1ria para realizar o levantamento e sistematiza\u00e7\u00e3o desses itens, contando com ampla experi\u00eancia na realiza\u00e7\u00e3o de diagn\u00f3sticos socioecon\u00f4micos para empreendimentos em diversos setores, como minera\u00e7\u00e3o, siderurgia, silvicultura e ind\u00fastrias, em todo o estado de Minas Gerais.<\/span><\/p>\n","protected":false},"excerpt":{"rendered":"<p>Diagn\u00f3sticos socioecon\u00f4micos s\u00e3o instrumentos indispens\u00e1veis na avalia\u00e7\u00e3o de impactos socioambientais em empreendimentos e na fundamenta\u00e7\u00e3o do planejamento de a\u00e7\u00f5es de di\u00e1logo e transforma\u00e7\u00e3o social. O objetivo desse processo \u00e9 identificar, avaliar e monitorar as poss\u00edveis mudan\u00e7as socioecon\u00f4micas e altera\u00e7\u00f5es tempor\u00e1rias na \u00e1rea onde os empreendimentos ser\u00e3o inseridos. No processo de licenciamento ambiental estadual, que envolve [&hellip;]<\/p>\n","protected":false},"author":2,"featured_media":0,"parent":19,"menu_order":0,"comment_status":"closed","ping_status":"closed","template":"","meta":{"footnotes":""},"class_list":["post-109","page","type-page","status-publish","hentry"],"_links":{"self":[{"href":"https:\/\/socioambientalprojetos.com.br\/index.php\/wp-json\/wp\/v2\/pages\/109","targetHints":{"allow":["GET"]}}],"collection":[{"href":"https:\/\/socioambientalprojetos.com.br\/index.php\/wp-json\/wp\/v2\/pages"}],"about":[{"href":"https:\/\/socioambientalprojetos.com.br\/index.php\/wp-json\/wp\/v2\/types\/page"}],"author":[{"embeddable":true,"href":"https:\/\/socioambientalprojetos.com.br\/index.php\/wp-json\/wp\/v2\/users\/2"}],"replies":[{"embeddable":true,"href":"https:\/\/socioambientalprojetos.com.br\/index.php\/wp-json\/wp\/v2\/comments?post=109"}],"version-history":[{"count":3,"href":"https:\/\/socioambientalprojetos.com.br\/index.php\/wp-json\/wp\/v2\/pages\/109\/revisions"}],"predecessor-version":[{"id":623,"href":"https:\/\/socioambientalprojetos.com.br\/index.php\/wp-json\/wp\/v2\/pages\/109\/revisions\/623"}],"up":[{"embeddable":true,"href":"https:\/\/socioambientalprojetos.com.br\/index.php\/wp-json\/wp\/v2\/pages\/19"}],"wp:attachment":[{"href":"https:\/\/socioambientalprojetos.com.br\/index.php\/wp-json\/wp\/v2\/media?parent=109"}],"curies":[{"name":"wp","href":"https:\/\/api.w.org\/{rel}","templated":true}]}}