{"id":102,"date":"2016-11-06T12:39:50","date_gmt":"2016-11-06T12:39:50","guid":{"rendered":"http:\/\/50.116.86.123\/~socioadmin\/?page_id=102"},"modified":"2023-03-08T10:31:35","modified_gmt":"2023-03-08T13:31:35","slug":"educacao-patrimonial","status":"publish","type":"page","link":"https:\/\/socioambientalprojetos.com.br\/index.php\/servicos\/educacao-patrimonial\/","title":{"rendered":"Educa\u00e7\u00e3o Patrimonial"},"content":{"rendered":"<blockquote><p>A Socioambiental Projetos desenvolve atividades de Educa\u00e7\u00e3o Patrimonial junto \u00e0s comunidades onde os projetos de pesquisa s\u00e3o realizados. O envolvimento da comunidade local se mostra imprescind\u00edvel para a eficaz prote\u00e7\u00e3o e valoriza\u00e7\u00e3o do patrim\u00f4nio arqueol\u00f3gico.<\/p><\/blockquote>\n<p><span style=\"font-weight: 400;\">A educa\u00e7\u00e3o patrimonial \u00e9 o meio de se levar \u00e0s comunidades, as informa\u00e7\u00f5es acerca do patrim\u00f4nio cultural existente na regi\u00e3o de influ\u00eancia do empreendimento, bem como as no\u00e7\u00f5es de preserva\u00e7\u00e3o e a legisla\u00e7\u00e3o aplic\u00e1vel a este patrim\u00f4nio.<\/span><\/p>\n<p><span style=\"font-weight: 400;\">O processo de ensino e aprendizagem pode ser dinamizado e ampliado, muito al\u00e9m do ambiente escolar onde toda a comunidade pode estar envolvida. Pode tornar-se um instrumento a mais no processo de educa\u00e7\u00e3o que colabore com o despertar de uma consci\u00eancia cr\u00edtica e de responsabilidade para com a preserva\u00e7\u00e3o do patrim\u00f4nio \u2013 em toda sua express\u00e3o \u2013 e a percep\u00e7\u00e3o da rela\u00e7\u00e3o entre esse com sua identidade pessoal e cultural.<\/span><\/p>\n<p><span style=\"font-weight: 400;\">O Projeto Integrado de Educa\u00e7\u00e3o Patrimonial (PIEP) pode ser solicitado pelo Instituto do Patrim\u00f4nio Hist\u00f3rico e Art\u00edstico Nacional (IPHAN). Ainda, o Programa de Educa\u00e7\u00e3o Patrimonial pode ser solicitado pelo Instituto Estadual do Patrim\u00f4nio Hist\u00f3rico e Art\u00edstico de Minas Gerais (IEPHA\/MG). Esse estudo se caracteriza como um conjunto de a\u00e7\u00f5es complementares aos estudos relacionados ao Patrim\u00f4nio Cultural e Arqueol\u00f3gico apresentados a estes \u00f3rg\u00e3os, no \u00e2mbito dos processos de licenciamento ambiental.<\/span><\/p>\n","protected":false},"excerpt":{"rendered":"<p>A Socioambiental Projetos desenvolve atividades de Educa\u00e7\u00e3o Patrimonial junto \u00e0s comunidades onde os projetos de pesquisa s\u00e3o realizados. O envolvimento da comunidade local se mostra imprescind\u00edvel para a eficaz prote\u00e7\u00e3o e valoriza\u00e7\u00e3o do patrim\u00f4nio arqueol\u00f3gico. A educa\u00e7\u00e3o patrimonial \u00e9 o meio de se levar \u00e0s comunidades, as informa\u00e7\u00f5es acerca do patrim\u00f4nio cultural existente na regi\u00e3o [&hellip;]<\/p>\n","protected":false},"author":2,"featured_media":0,"parent":19,"menu_order":0,"comment_status":"closed","ping_status":"closed","template":"","meta":{"footnotes":""},"class_list":["post-102","page","type-page","status-publish","hentry"],"_links":{"self":[{"href":"https:\/\/socioambientalprojetos.com.br\/index.php\/wp-json\/wp\/v2\/pages\/102","targetHints":{"allow":["GET"]}}],"collection":[{"href":"https:\/\/socioambientalprojetos.com.br\/index.php\/wp-json\/wp\/v2\/pages"}],"about":[{"href":"https:\/\/socioambientalprojetos.com.br\/index.php\/wp-json\/wp\/v2\/types\/page"}],"author":[{"embeddable":true,"href":"https:\/\/socioambientalprojetos.com.br\/index.php\/wp-json\/wp\/v2\/users\/2"}],"replies":[{"embeddable":true,"href":"https:\/\/socioambientalprojetos.com.br\/index.php\/wp-json\/wp\/v2\/comments?post=102"}],"version-history":[{"count":3,"href":"https:\/\/socioambientalprojetos.com.br\/index.php\/wp-json\/wp\/v2\/pages\/102\/revisions"}],"predecessor-version":[{"id":625,"href":"https:\/\/socioambientalprojetos.com.br\/index.php\/wp-json\/wp\/v2\/pages\/102\/revisions\/625"}],"up":[{"embeddable":true,"href":"https:\/\/socioambientalprojetos.com.br\/index.php\/wp-json\/wp\/v2\/pages\/19"}],"wp:attachment":[{"href":"https:\/\/socioambientalprojetos.com.br\/index.php\/wp-json\/wp\/v2\/media?parent=102"}],"curies":[{"name":"wp","href":"https:\/\/api.w.org\/{rel}","templated":true}]}}